{"id":34762,"date":"2025-02-03T15:06:12","date_gmt":"2025-02-03T15:06:12","guid":{"rendered":"https:\/\/fidelik.ma\/?page_id=34762"},"modified":"2025-02-03T17:11:43","modified_gmt":"2025-02-03T17:11:43","slug":"signup","status":"publish","type":"page","link":"https:\/\/fidelik.ma\/fr\/signup\/","title":{"rendered":"signup"},"content":{"rendered":"<div data-elementor-type=\"wp-page\" data-elementor-id=\"34762\" class=\"elementor elementor-34762\">\n\t\t\t\t\t\t<section class=\"elementor-section elementor-top-section elementor-element elementor-element-39f7923 elementor-section-boxed elementor-section-height-default elementor-section-height-default sc_fly_static\" data-id=\"39f7923\" data-element_type=\"section\">\n\t\t\t\t\t\t<div class=\"elementor-container elementor-column-gap-extended\">\n\t\t\t\t\t<div class=\"elementor-column elementor-col-100 elementor-top-column elementor-element elementor-element-ec160c2 sc_content_align_inherit sc_layouts_column_icons_position_left sc_fly_static\" data-id=\"ec160c2\" data-element_type=\"column\">\n\t\t\t<div class=\"elementor-widget-wrap elementor-element-populated\">\n\t\t\t\t\t\t<div class=\"elementor-element elementor-element-a576a4c sc_fly_static elementor-widget elementor-widget-image\" data-id=\"a576a4c\" data-element_type=\"widget\" data-widget_type=\"image.default\">\n\t\t\t\t<div class=\"elementor-widget-container\">\n\t\t\t\t\t\t\t\t\t\t\t\t\t<img fetchpriority=\"high\" decoding=\"async\" width=\"1024\" height=\"271\" src=\"https:\/\/fidelik.ma\/wp-content\/uploads\/2024\/10\/logo-3-1024x271.png\" class=\"attachment-large size-large wp-image-34520\" alt=\"\" srcset=\"https:\/\/fidelik.ma\/wp-content\/uploads\/2024\/10\/logo-3-1024x271.png 1024w, https:\/\/fidelik.ma\/wp-content\/uploads\/2024\/10\/logo-3-300x79.png 300w, https:\/\/fidelik.ma\/wp-content\/uploads\/2024\/10\/logo-3-768x203.png 768w, https:\/\/fidelik.ma\/wp-content\/uploads\/2024\/10\/logo-3-1536x407.png 1536w, https:\/\/fidelik.ma\/wp-content\/uploads\/2024\/10\/logo-3-2048x542.png 2048w, https:\/\/fidelik.ma\/wp-content\/uploads\/2024\/10\/logo-3-370x98.png 370w, https:\/\/fidelik.ma\/wp-content\/uploads\/2024\/10\/logo-3-840x222.png 840w, https:\/\/fidelik.ma\/wp-content\/uploads\/2024\/10\/logo-3-410x109.png 410w, https:\/\/fidelik.ma\/wp-content\/uploads\/2024\/10\/logo-3-600x159.png 600w\" sizes=\"(max-width: 1024px) 100vw, 1024px\" \/>\t\t\t\t\t\t\t\t\t\t\t\t\t<\/div>\n\t\t\t\t<\/div>\n\t\t\t\t\t<\/div>\n\t\t<\/div>\n\t\t\t\t\t<\/div>\n\t\t<\/section>\n\t\t\t\t<section class=\"elementor-section elementor-top-section elementor-element elementor-element-682ad78 elementor-section-boxed elementor-section-height-default elementor-section-height-default sc_fly_static\" data-id=\"682ad78\" data-element_type=\"section\">\n\t\t\t\t\t\t<div class=\"elementor-container elementor-column-gap-extended\">\n\t\t\t\t\t<div class=\"elementor-column elementor-col-100 elementor-top-column elementor-element elementor-element-b8f78a7 sc_content_align_inherit sc_layouts_column_icons_position_left sc_fly_static\" data-id=\"b8f78a7\" data-element_type=\"column\">\n\t\t\t<div class=\"elementor-widget-wrap elementor-element-populated\">\n\t\t\t\t\t\t<div class=\"elementor-element elementor-element-9acb303 sc_fly_static elementor-widget elementor-widget-image\" data-id=\"9acb303\" data-element_type=\"widget\" data-widget_type=\"image.default\">\n\t\t\t\t<div class=\"elementor-widget-container\">\n\t\t\t\t\t\t\t\t\t\t\t\t\t<img decoding=\"async\" width=\"512\" height=\"512\" src=\"https:\/\/fidelik.ma\/wp-content\/uploads\/2025\/01\/cropped-pixelcut-export__62__copy-1.png\" class=\"attachment-large size-large wp-image-34597\" alt=\"\" srcset=\"https:\/\/fidelik.ma\/wp-content\/uploads\/2025\/01\/cropped-pixelcut-export__62__copy-1.png 512w, https:\/\/fidelik.ma\/wp-content\/uploads\/2025\/01\/cropped-pixelcut-export__62__copy-1-300x300.png 300w, https:\/\/fidelik.ma\/wp-content\/uploads\/2025\/01\/cropped-pixelcut-export__62__copy-1-150x150.png 150w, https:\/\/fidelik.ma\/wp-content\/uploads\/2025\/01\/cropped-pixelcut-export__62__copy-1-12x12.png 12w, https:\/\/fidelik.ma\/wp-content\/uploads\/2025\/01\/cropped-pixelcut-export__62__copy-1-370x370.png 370w, https:\/\/fidelik.ma\/wp-content\/uploads\/2025\/01\/cropped-pixelcut-export__62__copy-1-120x120.png 120w, https:\/\/fidelik.ma\/wp-content\/uploads\/2025\/01\/cropped-pixelcut-export__62__copy-1-410x410.png 410w, https:\/\/fidelik.ma\/wp-content\/uploads\/2025\/01\/cropped-pixelcut-export__62__copy-1-270x270.png 270w, https:\/\/fidelik.ma\/wp-content\/uploads\/2025\/01\/cropped-pixelcut-export__62__copy-1-192x192.png 192w, https:\/\/fidelik.ma\/wp-content\/uploads\/2025\/01\/cropped-pixelcut-export__62__copy-1-180x180.png 180w, https:\/\/fidelik.ma\/wp-content\/uploads\/2025\/01\/cropped-pixelcut-export__62__copy-1-32x32.png 32w\" sizes=\"(max-width: 600px) 100vw, 512px\" \/>\t\t\t\t\t\t\t\t\t\t\t\t\t<\/div>\n\t\t\t\t<\/div>\n\t\t\t\t\t<\/div>\n\t\t<\/div>\n\t\t\t\t\t<\/div>\n\t\t<\/section>\n\t\t\t\t<section class=\"elementor-section elementor-top-section elementor-element elementor-element-72a071f elementor-section-height-min-height elementor-section-boxed elementor-section-height-default elementor-section-items-middle sc_fly_static\" data-id=\"72a071f\" data-element_type=\"section\">\n\t\t\t\t\t\t<div class=\"elementor-container elementor-column-gap-extended\">\n\t\t\t\t\t<div class=\"elementor-column elementor-col-100 elementor-top-column elementor-element elementor-element-419a48a sc_content_align_inherit sc_layouts_column_icons_position_left sc_fly_static\" data-id=\"419a48a\" data-element_type=\"column\">\n\t\t\t<div class=\"elementor-widget-wrap elementor-element-populated\">\n\t\t\t\t\t\t<div class=\"elementor-element elementor-element-15be0ef sc_fly_static elementor-widget elementor-widget-heading\" data-id=\"15be0ef\" data-element_type=\"widget\" data-widget_type=\"heading.default\">\n\t\t\t\t<div class=\"elementor-widget-container\">\n\t\t\t<h2 class=\"elementor-heading-title elementor-size-default\">Cr\u00e9er un compte<\/h2>\t\t<\/div>\n\t\t\t\t<\/div>\n\t\t\t\t<div class=\"elementor-element elementor-element-bb21590 sc_fly_static elementor-widget elementor-widget-heading\" data-id=\"bb21590\" data-element_type=\"widget\" data-widget_type=\"heading.default\">\n\t\t\t\t<div class=\"elementor-widget-container\">\n\t\t\t<h3 class=\"elementor-heading-title elementor-size-default\">Cr\u00e9ez votre compte et d\u00e9bloquez des offres uniques.\n<\/h3>\t\t<\/div>\n\t\t\t\t<\/div>\n\t\t\t\t\t<\/div>\n\t\t<\/div>\n\t\t\t\t\t<\/div>\n\t\t<\/section>\n\t\t\t\t<section class=\"elementor-section-with-custom-width elementor-section elementor-top-section elementor-element elementor-element-c2a2601 elementor-section-boxed elementor-section-height-default elementor-section-height-default sc_fly_static\" data-id=\"c2a2601\" data-element_type=\"section\">\n\t\t\t\t\t\t<div class=\"elementor-container elementor-column-gap-extended\">\n\t\t\t\t\t<div class=\"elementor-column elementor-col-100 elementor-top-column elementor-element elementor-element-daf1a8c sc_content_align_inherit sc_layouts_column_icons_position_left sc_fly_static\" data-id=\"daf1a8c\" data-element_type=\"column\">\n\t\t\t<div class=\"elementor-widget-wrap elementor-element-populated\">\n\t\t\t\t\t\t<section class=\"elementor-section elementor-inner-section elementor-element elementor-element-4abc5ea elementor-section-boxed elementor-section-height-default elementor-section-height-default sc_fly_static\" data-id=\"4abc5ea\" data-element_type=\"section\" data-settings=\"{&quot;background_background&quot;:&quot;classic&quot;}\">\n\t\t\t\t\t\t<div class=\"elementor-container elementor-column-gap-extended\">\n\t\t\t\t\t<div class=\"elementor-column elementor-col-100 elementor-inner-column elementor-element elementor-element-dd3c729 sc_content_align_inherit sc_layouts_column_icons_position_left sc_fly_static\" data-id=\"dd3c729\" data-element_type=\"column\">\n\t\t\t<div class=\"elementor-widget-wrap elementor-element-populated\">\n\t\t\t\t\t\t<div class=\"elementor-element elementor-element-044c8d2 elementor-button-align-center sc_fly_static elementor-widget elementor-widget-form\" data-id=\"044c8d2\" data-element_type=\"widget\" data-settings=\"{&quot;step_next_label&quot;:&quot;Suivant&quot;,&quot;step_previous_label&quot;:&quot;Pr\\u00e9c\\u00e9dent&quot;,&quot;button_width&quot;:&quot;100&quot;,&quot;step_type&quot;:&quot;number_text&quot;,&quot;step_icon_shape&quot;:&quot;circle&quot;}\" data-widget_type=\"form.default\">\n\t\t\t\t<div class=\"elementor-widget-container\">\n\t\t\t\t\t<form class=\"elementor-form\" method=\"post\" name=\"New Form\">\n\t\t\t<input type=\"hidden\" name=\"post_id\" value=\"34762\"\/>\n\t\t\t<input type=\"hidden\" name=\"form_id\" value=\"044c8d2\"\/>\n\t\t\t<input type=\"hidden\" name=\"referer_title\" value=\"\" \/>\n\n\t\t\t\n\t\t\t<div class=\"elementor-form-fields-wrapper elementor-labels-above\">\n\t\t\t\t\t\t\t\t<div class=\"elementor-field-type-step elementor-field-group elementor-column elementor-field-group-field_a72e1db elementor-col-100\">\n\t\t\t\t\t\t\t<div class=\"e-field-step elementor-hidden\" data-label=\"\" data-previousbutton=\"\" data-nextbutton=\"\" data-iconurl=\"\" data-iconlibrary=\"fas fa-star\" data-icon=\"\" ><\/div>\n\n\t\t\t\t\t\t<\/div>\n\t\t\t\t\t\t\t\t<div class=\"elementor-field-type-text elementor-field-group elementor-column elementor-field-group-entreprise elementor-col-100\">\n\t\t\t\t\t\t\t\t\t\t\t\t<label for=\"form-field-entreprise\" class=\"elementor-field-label\">\n\t\t\t\t\t\t\t\tInformations G\u00e9n\u00e9rales\t\t\t\t\t\t\t<\/label>\n\t\t\t\t\t\t\t\t\t\t\t\t\t\t<input size=\"1\" type=\"text\" name=\"form_fields[entreprise]\" id=\"form-field-entreprise\" class=\"elementor-field elementor-size-md  elementor-field-textual\" placeholder=\"Nom de l\u2019entreprise :\">\n\t\t\t\t\t\t\t\t\t\t\t<\/div>\n\t\t\t\t\t\t\t\t<div class=\"elementor-field-type-text elementor-field-group elementor-column elementor-field-group-magazin elementor-col-100 elementor-field-required\">\n\t\t\t\t\t\t\t\t\t\t\t\t\t<input size=\"1\" type=\"text\" name=\"form_fields[magazin]\" id=\"form-field-magazin\" class=\"elementor-field elementor-size-md  elementor-field-textual\" placeholder=\"Nom magasin\/store \" required=\"required\" aria-required=\"true\">\n\t\t\t\t\t\t\t\t\t\t\t<\/div>\n\t\t\t\t\t\t\t\t<div class=\"elementor-field-type-text elementor-field-group elementor-column elementor-field-group-activite elementor-col-100 elementor-field-required\">\n\t\t\t\t\t\t\t\t\t\t\t\t\t<input size=\"1\" type=\"text\" name=\"form_fields[activite]\" id=\"form-field-activite\" class=\"elementor-field elementor-size-md  elementor-field-textual\" placeholder=\"Secteur d\u2019activit\u00e9\" required=\"required\" aria-required=\"true\">\n\t\t\t\t\t\t\t\t\t\t\t<\/div>\n\t\t\t\t\t\t\t\t<div class=\"elementor-field-type-text elementor-field-group elementor-column elementor-field-group-Adresse elementor-col-100\">\n\t\t\t\t\t\t\t\t\t\t\t\t\t<input size=\"1\" type=\"text\" name=\"form_fields[Adresse]\" id=\"form-field-Adresse\" class=\"elementor-field elementor-size-md  elementor-field-textual\" placeholder=\"Adresse\">\n\t\t\t\t\t\t\t\t\t\t\t<\/div>\n\t\t\t\t\t\t\t\t<div class=\"elementor-field-type-text elementor-field-group elementor-column elementor-field-group-ville elementor-col-100\">\n\t\t\t\t\t\t\t\t\t\t\t\t\t<input size=\"1\" type=\"text\" name=\"form_fields[ville]\" id=\"form-field-ville\" class=\"elementor-field elementor-size-md  elementor-field-textual\" placeholder=\"Ville\">\n\t\t\t\t\t\t\t\t\t\t\t<\/div>\n\t\t\t\t\t\t\t\t<div class=\"elementor-field-type-tel elementor-field-group elementor-column elementor-field-group-telephone elementor-col-100\">\n\t\t\t\t\t\t\t<input size=\"1\" type=\"tel\" name=\"form_fields[telephone]\" id=\"form-field-telephone\" class=\"elementor-field elementor-size-md  elementor-field-textual\" placeholder=\"Num\u00e9ro de t\u00e9l\u00e9phone \" pattern=\"[0-9()#&amp;+*-=.]+\" title=\"Only numbers and phone characters (#, -, *, etc) are accepted.\">\n\n\t\t\t\t\t\t<\/div>\n\t\t\t\t\t\t\t\t<div class=\"elementor-field-type-email elementor-field-group elementor-column elementor-field-group-emailPro elementor-col-100\">\n\t\t\t\t\t\t\t\t\t\t\t\t\t<input size=\"1\" type=\"email\" name=\"form_fields[emailPro]\" id=\"form-field-emailPro\" class=\"elementor-field elementor-size-md  elementor-field-textual\" placeholder=\"Email professionnel \">\n\t\t\t\t\t\t\t\t\t\t\t<\/div>\n\t\t\t\t\t\t\t\t<div class=\"elementor-field-type-text elementor-field-group elementor-column elementor-field-group-siteweb elementor-col-100\">\n\t\t\t\t\t\t\t\t\t\t\t\t\t<input size=\"1\" type=\"text\" name=\"form_fields[siteweb]\" id=\"form-field-siteweb\" class=\"elementor-field elementor-size-md  elementor-field-textual\" placeholder=\"Site Web (si disponible)\">\n\t\t\t\t\t\t\t\t\t\t\t<\/div>\n\t\t\t\t\t\t\t\t<div class=\"elementor-field-type-step elementor-field-group elementor-column elementor-field-group-field_d580470 elementor-col-100\">\n\t\t\t\t\t\t\t<div class=\"e-field-step elementor-hidden\" data-label=\"\" data-previousbutton=\"\" data-nextbutton=\"\" data-iconurl=\"\" data-iconlibrary=\"fas fa-star\" data-icon=\"\" ><\/div>\n\n\t\t\t\t\t\t<\/div>\n\t\t\t\t\t\t\t\t<div class=\"elementor-field-type-text elementor-field-group elementor-column elementor-field-group-field_9503132 elementor-col-100\">\n\t\t\t\t\t\t\t\t\t\t\t\t<label for=\"form-field-field_9503132\" class=\"elementor-field-label\">\n\t\t\t\t\t\t\t\tInformations du Responsable\t\t\t\t\t\t\t<\/label>\n\t\t\t\t\t\t\t\t\t\t\t\t\t\t<input size=\"1\" type=\"text\" name=\"form_fields[field_9503132]\" id=\"form-field-field_9503132\" class=\"elementor-field elementor-size-md  elementor-field-textual\" placeholder=\"Nom &amp; Pr\u00e9nom \">\n\t\t\t\t\t\t\t\t\t\t\t<\/div>\n\t\t\t\t\t\t\t\t<div class=\"elementor-field-type-text elementor-field-group elementor-column elementor-field-group-fonction elementor-col-100\">\n\t\t\t\t\t\t\t\t\t\t\t\t\t<input size=\"1\" type=\"text\" name=\"form_fields[fonction]\" id=\"form-field-fonction\" class=\"elementor-field elementor-size-md  elementor-field-textual\" placeholder=\"Fonction dans l\u2019entreprise\">\n\t\t\t\t\t\t\t\t\t\t\t<\/div>\n\t\t\t\t\t\t\t\t<div class=\"elementor-field-type-tel elementor-field-group elementor-column elementor-field-group-telephone elementor-col-100\">\n\t\t\t\t\t\t\t<input size=\"1\" type=\"tel\" name=\"form_fields[telephone]\" id=\"form-field-telephone\" class=\"elementor-field elementor-size-md  elementor-field-textual\" placeholder=\"T\u00e9l\u00e9phone\" pattern=\"[0-9()#&amp;+*-=.]+\" title=\"Only numbers and phone characters (#, -, *, etc) are accepted.\">\n\n\t\t\t\t\t\t<\/div>\n\t\t\t\t\t\t\t\t<div class=\"elementor-field-type-email elementor-field-group elementor-column elementor-field-group-email elementor-col-100\">\n\t\t\t\t\t\t\t\t\t\t\t\t\t<input size=\"1\" type=\"email\" name=\"form_fields[email]\" id=\"form-field-email\" class=\"elementor-field elementor-size-md  elementor-field-textual\" placeholder=\"Email\">\n\t\t\t\t\t\t\t\t\t\t\t<\/div>\n\t\t\t\t\t\t\t\t<div class=\"elementor-field-type-step elementor-field-group elementor-column elementor-field-group-field_b989d10 elementor-col-100\">\n\t\t\t\t\t\t\t<div class=\"e-field-step elementor-hidden\" data-label=\"\" data-previousbutton=\"\" data-nextbutton=\"\" data-iconurl=\"\" data-iconlibrary=\"\" data-icon=\"\" ><\/div>\n\n\t\t\t\t\t\t<\/div>\n\t\t\t\t\t\t\t\t<div class=\"elementor-field-type-select elementor-field-group elementor-column elementor-field-group-field_2468535 elementor-col-100\">\n\t\t\t\t\t\t\t\t\t\t\t\t<label for=\"form-field-field_2468535\" class=\"elementor-field-label\">\n\t\t\t\t\t\t\t\tType de r\u00e9compenses offertes\t\t\t\t\t\t\t<\/label>\n\t\t\t\t\t\t\t\t<div class=\"elementor-field elementor-select-wrapper\">\n\t\t\t<select name=\"form_fields[field_2468535]\" id=\"form-field-field_2468535\" class=\"elementor-field-textual elementor-size-md\">\n\t\t\t\t\t\t\t\t\t<option value=\"Remises\">Remises<\/option>\n\t\t\t\t\t\t\t\t\t<option value=\"Cadeaux\">Cadeaux<\/option>\n\t\t\t\t\t\t\t\t\t<option value=\"Services gratuits\">Services gratuits<\/option>\n\t\t\t\t\t\t\t<\/select>\n\t\t<\/div>\n\t\t\t\t\t\t<\/div>\n\t\t\t\t\t\t\t\t<div class=\"elementor-field-type-upload elementor-field-group elementor-column elementor-field-group-field_c20644d elementor-col-100\">\n\t\t\t\t\t\t\t\t\t\t\t\t<label for=\"form-field-field_c20644d\" class=\"elementor-field-label\">\n\t\t\t\t\t\t\t\tLogo de l\u2019entreprise (HD)\t\t\t\t\t\t\t<\/label>\n\t\t\t\t\t\t\t\t<input type=\"file\" name=\"form_fields[field_c20644d]\" id=\"form-field-field_c20644d\" class=\"elementor-field elementor-size-md  elementor-upload-field\" data-maxsize=\"10\" data-maxsize-message=\"This file exceeds the maximum allowed size.\">\n\n\t\t\t\t\t\t<\/div>\n\t\t\t\t\t\t\t\t<div class=\"elementor-field-type-text elementor-field-group elementor-column elementor-field-group-field_f136a72 elementor-col-100\">\n\t\t\t\t\t\t\t\t\t\t\t\t<label for=\"form-field-field_f136a72\" class=\"elementor-field-label\">\n\t\t\t\t\t\t\t\tTaux de conversion des points\t\t\t\t\t\t\t<\/label>\n\t\t\t\t\t\t\t\t\t\t\t\t\t\t<input size=\"1\" type=\"text\" name=\"form_fields[field_f136a72]\" id=\"form-field-field_f136a72\" class=\"elementor-field elementor-size-md  elementor-field-textual\" placeholder=\" (ex. 10 MAD = 1 point) \">\n\t\t\t\t\t\t\t\t\t\t\t<\/div>\n\t\t\t\t\t\t\t\t<div class=\"elementor-field-group elementor-column elementor-field-type-submit elementor-col-100 e-form__buttons\">\n\t\t\t\t\t<button type=\"submit\" class=\"elementor-button elementor-size-sm\">\n\t\t\t\t\t\t<span >\n\t\t\t\t\t\t\t\t\t\t\t\t\t\t\t<span class=\"elementor-button-icon\">\n\t\t\t\t\t\t\t\t\t<i class=\"fa fa-envelope\" aria-hidden=\"true\"><\/i>\t\t\t\t\t\t\t\t\t\t\t\t\t\t\t\t\t<\/span>\n\t\t\t\t\t\t\t\t\t\t\t\t\t\t\t\t\t\t\t\t\t\t<span class=\"elementor-button-text\">S'inscrire<\/span>\n\t\t\t\t\t\t\t\t\t\t\t\t\t<\/span>\n\t\t\t\t\t<\/button>\n\t\t\t\t<\/div>\n\t\t\t<\/div>\n\t\t<input type=\"hidden\" name=\"trp-form-language\" value=\"fr\"\/><\/form>\n\t\t\t\t<\/div>\n\t\t\t\t<\/div>\n\t\t\t\t\t<\/div>\n\t\t<\/div>\n\t\t\t\t\t<\/div>\n\t\t<\/section>\n\t\t\t\t\t<\/div>\n\t\t<\/div>\n\t\t\t\t\t<\/div>\n\t\t<\/section>\n\t\t\t\t<\/div>","protected":false},"excerpt":{"rendered":"<p>Cr\u00e9er un compte Cr\u00e9ez votre compte et d\u00e9bloquez des offres uniques.<\/p>","protected":false},"author":1,"featured_media":0,"parent":0,"menu_order":0,"comment_status":"closed","ping_status":"closed","template":"elementor_canvas","meta":{"footnotes":""},"class_list":["post-34762","page","type-page","status-publish","hentry"],"_links":{"self":[{"href":"https:\/\/fidelik.ma\/fr\/wp-json\/wp\/v2\/pages\/34762","targetHints":{"allow":["GET"]}}],"collection":[{"href":"https:\/\/fidelik.ma\/fr\/wp-json\/wp\/v2\/pages"}],"about":[{"href":"https:\/\/fidelik.ma\/fr\/wp-json\/wp\/v2\/types\/page"}],"author":[{"embeddable":true,"href":"https:\/\/fidelik.ma\/fr\/wp-json\/wp\/v2\/users\/1"}],"replies":[{"embeddable":true,"href":"https:\/\/fidelik.ma\/fr\/wp-json\/wp\/v2\/comments?post=34762"}],"version-history":[{"count":10,"href":"https:\/\/fidelik.ma\/fr\/wp-json\/wp\/v2\/pages\/34762\/revisions"}],"predecessor-version":[{"id":34784,"href":"https:\/\/fidelik.ma\/fr\/wp-json\/wp\/v2\/pages\/34762\/revisions\/34784"}],"wp:attachment":[{"href":"https:\/\/fidelik.ma\/fr\/wp-json\/wp\/v2\/media?parent=34762"}],"curies":[{"name":"wp","href":"https:\/\/api.w.org\/{rel}","templated":true}]}}